{"id":27,"date":"2020-11-27T09:16:41","date_gmt":"2020-11-27T09:16:41","guid":{"rendered":"https:\/\/casarural.awebway.es\/?page_id=27"},"modified":"2021-02-11T18:19:20","modified_gmt":"2021-02-11T18:19:20","slug":"condiciones-de-uso-y-politica-de-cancelacion","status":"publish","type":"page","link":"https:\/\/casaruraljulia.com\/index.php\/condiciones-de-uso-y-politica-de-cancelacion\/","title":{"rendered":"Condiciones de uso"},"content":{"rendered":"\n<p>Antes de solicitar una reserva, mira la disponibilidad del alojamiento en nuestro calendario.<\/p>\n\n\n\n<p>Puedes consultar las tarifas en nuestra p\u00e1gina principal.<\/p>\n\n\n\n<p>El alojamiento tiene una capacidad m\u00e1xima de 4 personas.<\/p>\n\n\n\n<p>Puedes consultarnos tus dudas mediante cualquiera de los medio de contacto de que disponemos y que puedes ver en el pie de nuestra web .<\/p>\n\n\n\n<p>Para reservar es necesario pagar por anticipado como m\u00ednimo el 30% del total de la estancia. Se facilitaran los datos para realizar el pago despu\u00e9s de aceptar una solicitud de reserva. Disponemos de los siguientes m\u00e9todos de pago: PayPal o transferencia bancaria. El resto del importe se abonar\u00e1 a la entrega de llaves.<\/p>\n\n\n\n<p>Las reservas se confirmar\u00e1n mediante un email. Si no se recibe ese email, la reserva no estar\u00e1 confirmada.<\/p>\n\n\n\n<p>El entorno del alojamiento es residencial y tranquilo, por lo tanto se ruega un comportamiento respetuoso con la vecindad. En caso de conductas altamente molestas para los vecinos o da\u00f1os a la propiedad (m\u00fasica ruidosa a altas horas de la madrugada, destrozar mobiliario, etc), el establecimiento se reserva el derecho de expulsar a los clientes sin derecho a devoluci\u00f3n alguna.<\/p>\n\n\n\n<h2>Pol\u00edtica de cancelaci\u00f3n<\/h2>\n\n\n\n<p>Se devolver\u00e1 el importe del pago anticipado de la reserva siempre que haya una causa justificada o se avise con un m\u00ednimo de 45 d\u00edas de antelaci\u00f3n a la fecha de entrada. Si te encuentras en esta situaci\u00f3n, ponte en contacto con nosotros lo antes posible para explicarnos tu caso.<\/p>\n","protected":false},"excerpt":{"rendered":"<p>Antes de solicitar una reserva, mira la disponibilidad del alojamiento en nuestro calendario. Puedes consultar las tarifas en nuestra p\u00e1gina principal. El alojamiento tiene una capacidad m\u00e1xima de 4 personas. Puedes consultarnos tus dudas mediante cualquiera de los medio de contacto de que disponemos y que puedes ver en el pie de nuestra web . &hellip;<\/p>\n<p class=\"read-more\"> <a class=\"\" href=\"https:\/\/casaruraljulia.com\/index.php\/condiciones-de-uso-y-politica-de-cancelacion\/\"> <span class=\"screen-reader-text\">Condiciones de uso<\/span> Leer m\u00e1s &raquo;<\/a><\/p>\n","protected":false},"author":1,"featured_media":0,"parent":0,"menu_order":0,"comment_status":"closed","ping_status":"closed","template":"","meta":{"_monsterinsights_skip_tracking":false,"_monsterinsights_sitenote_active":false,"_monsterinsights_sitenote_note":"","_monsterinsights_sitenote_category":0,"site-sidebar-layout":"default","site-content-layout":"default","ast-global-header-display":"","ast-main-header-display":"","ast-hfb-above-header-display":"","ast-hfb-below-header-display":"","ast-hfb-mobile-header-display":"","site-post-title":"","ast-breadcrumbs-content":"","ast-featured-img":"","footer-sml-layout":"","theme-transparent-header-meta":"default","adv-header-id-meta":"","stick-header-meta":"","header-above-stick-meta":"","header-main-stick-meta":"","header-below-stick-meta":"","_joinchat":[]},"_links":{"self":[{"href":"https:\/\/casaruraljulia.com\/index.php\/wp-json\/wp\/v2\/pages\/27"}],"collection":[{"href":"https:\/\/casaruraljulia.com\/index.php\/wp-json\/wp\/v2\/pages"}],"about":[{"href":"https:\/\/casaruraljulia.com\/index.php\/wp-json\/wp\/v2\/types\/page"}],"author":[{"embeddable":true,"href":"https:\/\/casaruraljulia.com\/index.php\/wp-json\/wp\/v2\/users\/1"}],"replies":[{"embeddable":true,"href":"https:\/\/casaruraljulia.com\/index.php\/wp-json\/wp\/v2\/comments?post=27"}],"version-history":[{"count":4,"href":"https:\/\/casaruraljulia.com\/index.php\/wp-json\/wp\/v2\/pages\/27\/revisions"}],"predecessor-version":[{"id":688,"href":"https:\/\/casaruraljulia.com\/index.php\/wp-json\/wp\/v2\/pages\/27\/revisions\/688"}],"wp:attachment":[{"href":"https:\/\/casaruraljulia.com\/index.php\/wp-json\/wp\/v2\/media?parent=27"}],"curies":[{"name":"wp","href":"https:\/\/api.w.org\/{rel}","templated":true}]}}